{"id":90,"date":"2024-10-01T19:50:29","date_gmt":"2024-10-01T19:50:29","guid":{"rendered":"https:\/\/mountainsteward.net\/trailology\/?page_id=90"},"modified":"2024-10-01T20:00:34","modified_gmt":"2024-10-01T20:00:34","slug":"one-editors-introduction","status":"publish","type":"page","link":"https:\/\/mountainsteward.net\/trailology\/one-editors-introduction\/","title":{"rendered":"Trailology Volume 1: Editors\u2019 Introduction"},"content":{"rendered":"\n<p class=\"\">Shay Rabineau<br>Associate Professor, Department of Judaic Studies, Binghamton University (SUNY)<br>New York, United States<\/p>\n\n\n\n<p class=\"\">Andr\u00e1s J. Moln\u00e1r<br>Co-Founder, Pilgrimage Academy, Viatorum Trail Experts<br>Research Fellow, HUN-REN SZTAKI<br>Budapest, Hungary<\/p>\n\n\n\n<p class=\"\">This collection of short essays, entitled <em>Trailology 1<\/em>, is the first effort of the Trailology Collective to create a shared space in which trails are the focus of scholarly inquiry. At the time of this writing, no academic journals have made trails the central subject of study. Though trails exist everywhere in the world, interdisciplinary approaches to trail research are rare. Short academic works on trails are scattered across a constellation of publications, often in the form of articles and book chapters by authors who engage the topic of trails once and never return to it [Jeffrey Marion noted this at the World Trails Conference in Skiathos, Greece, 2022]. We see Trailology 1, released at the 2024 World Trails Conference in Ottawa, Ontario, Canada, as an important first step in developing a more unified scholarly conversation on trails. Our goal is to showcase how trails relate to various areas, fields, and disciplines, and do so in a single, coherent volume.<\/p>\n\n\n\n<p class=\"\">Not all of the authors in this volume are academics, strictly speaking. But all of them have examined trails intently, and use their knowledge and expertise here to make interventions in various fields of study. All of them are connected to international conversations about trails, and are therefore positioned to think big about the interventions trails can make in the world. The authors of <em>Trailology 1<\/em> were invited to write short essays on broad topics that engage wide audiences, show how trails can speak to entire fields and disciplines, and illustrate the surprising ways in which trails can offer unique vantage points for approaching the pressing issues of our time. Here in Chapter 1 of the volume, we offer an overview of the essays and how they relate to each other.<\/p>\n\n\n\n<p class=\"\">In Chapter 2, \u201cTrailology and Sustainability,\u201d Nat Scrimshaw and Andr\u00e1s Moln\u00e1r expand the concept of trail sustainability beyond the narrow treadways of walking routes, and apply their lessons to the larger realms of economy, environment, and society. In Chapter 3, \u201cTrailology and History,\u201d Shay Rabineau argues that trails have their own histories that are intimately connected with the relationships between people and land. In Chapter 4, \u201cTrailology and Landscape,\u201d Cesar Augusto Aspiazu de Silva considers how \u201clandscape\u201d exists on different scales, and how long-distance trails allow people to view them from the microscopic to the continental. In Chapter 5, \u201cTrailology and Governance,\u201d Ming-Chien Hsu and Jacky Tao use approaches from sociology and political philosophy to craft a theory of how societies manage and maintain trail systems. In Chapter 6, \u201cTrailology and Mathematics,\u201d Andr\u00e1s Moln\u00e1r and Borb\u00e1la Benkhard show how network-analysis tools can solve many of the challenges trail networks face. In Chapter 7, \u201cTrails and Transnationalism,\u201d Steen Kobber\u00f8-Hansen shows how nationalist traditions of European hiking were subverted and undermined by transnational projects like the European Ramblers\u2019 Association\u2019s network of cross-border \u201cE-paths.\u201d In Chapter 8, \u201cTrailology and Cultural Anthropology,\u201d Pablo Vidal writes beautifully about how a historic long-distance travel route is the culmination of centuries of work by cooperating communities. In the final chapter, \u201cTrailology and the Future,\u201d we examine where trailology can go from here.<\/p>\n\n\n\n<p class=\"\">The Trailology Manifesto, which constitutes the preface and trailhead of this volume, informs the structure and appearance of this work: Trailology is a voluntary and collective effort, undertaken by practitioners of all backgrounds, scholars of all disciplines, and people from around the world. The articles are presented in English in this volume, but abstracts are given in the authors\u2019 native languages, with a view toward the online publication of this entire work in a range of languages.<\/p>\n\n\n\n<p class=\"\">As noted in the Manifesto, \u201cTrailology seeks to create spaces for airing ideas, discussing them, and moving the trail conversation forward.\u201d This edited collection is one such effort in what is ultimately an iterative process. It is not complete, nor can it ever be. We may call it <em>Trailology 1<\/em>, but future volumes will eventually take other forms, written and otherwise.&nbsp;<\/p>\n","protected":false},"excerpt":{"rendered":"<p>Shay RabineauAssociate Professor, Department of Judaic Studies, Binghamton University (SUNY)New York, United States Andr\u00e1s J. Moln\u00e1rCo-Founder, Pilgrimage Academy, Viatorum Trail ExpertsResearch Fellow, HUN-REN SZTAKIBudapest, Hungary This collection of short essays, entitled Trailology 1, is the first effort of the Trailology Collective to create a shared space in which trails are the focus of scholarly inquiry. [&hellip;]<\/p>\n","protected":false},"author":1,"featured_media":0,"parent":0,"menu_order":0,"comment_status":"closed","ping_status":"closed","template":"","meta":{"nf_dc_page":"","om_disable_all_campaigns":false,"footnotes":""},"class_list":["post-90","page","type-page","status-publish","hentry"],"jetpack_sharing_enabled":true,"_links":{"self":[{"href":"https:\/\/mountainsteward.net\/trailology\/wp-json\/wp\/v2\/pages\/90","targetHints":{"allow":["GET"]}}],"collection":[{"href":"https:\/\/mountainsteward.net\/trailology\/wp-json\/wp\/v2\/pages"}],"about":[{"href":"https:\/\/mountainsteward.net\/trailology\/wp-json\/wp\/v2\/types\/page"}],"author":[{"embeddable":true,"href":"https:\/\/mountainsteward.net\/trailology\/wp-json\/wp\/v2\/users\/1"}],"replies":[{"embeddable":true,"href":"https:\/\/mountainsteward.net\/trailology\/wp-json\/wp\/v2\/comments?post=90"}],"version-history":[{"count":2,"href":"https:\/\/mountainsteward.net\/trailology\/wp-json\/wp\/v2\/pages\/90\/revisions"}],"predecessor-version":[{"id":97,"href":"https:\/\/mountainsteward.net\/trailology\/wp-json\/wp\/v2\/pages\/90\/revisions\/97"}],"wp:attachment":[{"href":"https:\/\/mountainsteward.net\/trailology\/wp-json\/wp\/v2\/media?parent=90"}],"curies":[{"name":"wp","href":"https:\/\/api.w.org\/{rel}","templated":true}]}}