{"id":55,"date":"2023-12-09T12:00:40","date_gmt":"2023-12-09T12:00:40","guid":{"rendered":"https:\/\/mountainsteward.net\/trailology\/?page_id=55"},"modified":"2024-10-01T20:43:07","modified_gmt":"2024-10-01T20:43:07","slug":"essays","status":"publish","type":"page","link":"https:\/\/mountainsteward.net\/trailology\/essays\/","title":{"rendered":"Essays"},"content":{"rendered":"\n<p class=\"\"><strong>Trailology Volume 1<\/strong><\/p>\n\n\n\n<blockquote class=\"wp-block-quote is-layout-flow wp-block-quote-is-layout-flow\">\n<p class=\"\"><em><a href=\"https:\/\/drive.google.com\/file\/d\/1CJcJbY1XlnUpNfqjMuU3wwzEgRGxXQ_4\/view?usp=drive_link\">Download as PDF<\/a><\/em> <\/p>\n<\/blockquote>\n\n\n\n<p class=\"\"><a href=\"https:\/\/mountainsteward.net\/trailology\/one-editors-introduction\/\">One: Editors&#8217; Introduction<\/a><br>Shay Rabineau, Associate Professor, Department of Judaic Studies, Binghamton University (SUNY), New York, United States<br>Andr\u00e1s J. Moln\u00e1r, Co-Founder, Pilgrimage Academy, Viatorum Trail Experts<br>Research Fellow, HUN-REN SZTAKI, Budapest, Hungary<\/p>\n\n\n\n<p class=\"\"><a href=\"https:\/\/mountainsteward.net\/trailology\/two-trailology-and-sustainability\/\">Two: Trailology and Sustainability<br><\/a>Nathaniel Scrimshaw, Founder, White Mountains Field School (New Hampshire, USA); Chair, Board of Directors, Pan American Trails\/World Trails Network &#8211; Hub for the Americas, New Hampshire, United States<br>Andr\u00e1s J. Moln\u00e1r, Co-Founder, Pilgrimage Academy, Viatorum Trail Experts; Research Fellow, HUN-REN SZTAKI, Budapest, Hungary<\/p>\n\n\n\n<p class=\"\"><a href=\"http:\/\/mountainsteward.net\/trailology\/2023\/12\/09\/trailology-and-history\/\">Three: Trailology and History<\/a><br>Shay Rabineau, Associate Professor, Department of Judaic Studies, Binghamton University (SUNY), New York, United States<\/p>\n\n\n\n<p class=\"\"><a href=\"https:\/\/mountainsteward.net\/trailology\/trailology-and-landscapes\/\">Four: Trailology and Landscapes<\/a><br>Cesar Augusto Aspiazu da Silva, Coordinator, Pan American Trails, PhD Candidate at the University of Bras\u00edlia, Bras\u00edlia, Brazil<\/p>\n\n\n\n<p class=\"\"><a href=\"http:\/\/mountainsteward.net\/trailology\/2024\/04\/30\/who-makes-the-trail\/\">Five: Trailology and Governance<\/a><br>Ming-Chien Hsu (\u5f90\u9298\u8b19), Assistant professor, Center for General Education, National Tsing Hua University; Deputy Executive Director, Taiwan Thousand Miles Trail Association; Trailology Instructor, Taiwan Community College, Taipei, Taiwan<br>Jacky Tao (\u9676\u4fca\u6210), Head of International Relations, Taiwan Thousand Miles Trail Association, Taipei, Taiwan<\/p>\n\n\n\n<p class=\"\"><a href=\"https:\/\/mountainsteward.net\/trailology\/2024\/10\/01\/trailology-and-mathematics\/\">Six: Trailology and Mathematics<br><\/a>Andr\u00e1s J. Moln\u00e1r, Co-Founder, Pilgrimage Academy, Viatorum Trail Experts<br>Research Fellow, HUN-REN SZTAKI, Budapest, Hungary<br>Borb\u00e1la Benkhard, Assistant Professor, Department of Landscape Protection and Environmental Geography, University of Debrecen, Hungary<\/p>\n\n\n\n<p class=\"\"><a href=\"https:\/\/mountainsteward.net\/trailology\/2024\/10\/01\/trailology-and-transnationalism\/\">Seven: Trailology and Transnationalism<\/a><br>Steen Kobber\u00f8-Hansen, Board Member, European Ramblers&#8217; Association, Kokkedal, Denmark<\/p>\n\n\n\n<p class=\"\"><a href=\"https:\/\/mountainsteward.net\/trailology\/2024\/10\/01\/trailology-and-cultural-anthropology\/\">Eight: Trailology and Cultural Anthropology<\/a><br>Pablo Vidal-Gonz\u00e1lez, Full Professor of Social and Cultural Anthropology, Hiking and Mountain Sports Research Group: Health, Inclusion and Society, Catholic University of Valencia, Spain<\/p>\n\n\n\n<p class=\"\"><a href=\"https:\/\/mountainsteward.net\/trailology\/2024\/10\/01\/epilogue-appendix-to-trailology-volume-1-trailology-and-the-future\/\">Ten: Trailology and the Future &amp; Appendix<\/a><br>Shay Rabineau, Associate Professor, Department of Judaic Studies, Binghamton University (SUNY), New York, United States<br>Andr\u00e1s J. Moln\u00e1r, Co-Founder, Pilgrimage Academy, Viatorum Trail Experts; Research Fellow, HUN-REN SZTAKI, Budapest, Hungary<\/p>\n\n\n\n<p class=\"\"><strong>Further Essays<\/strong><\/p>\n\n\n\n<p class=\"\">&#8230;<\/p>\n","protected":false},"excerpt":{"rendered":"<p>Trailology Volume 1 Download as PDF One: Editors&#8217; IntroductionShay Rabineau, Associate Professor, Department of Judaic Studies, Binghamton University (SUNY), New York, United StatesAndr\u00e1s J. Moln\u00e1r, Co-Founder, Pilgrimage Academy, Viatorum Trail ExpertsResearch Fellow, HUN-REN SZTAKI, Budapest, Hungary Two: Trailology and SustainabilityNathaniel Scrimshaw, Founder, White Mountains Field School (New Hampshire, USA); Chair, Board of Directors, Pan American [&hellip;]<\/p>\n","protected":false},"author":1,"featured_media":0,"parent":0,"menu_order":0,"comment_status":"closed","ping_status":"closed","template":"","meta":{"nf_dc_page":"","om_disable_all_campaigns":false,"footnotes":""},"class_list":["post-55","page","type-page","status-publish","hentry"],"jetpack_sharing_enabled":true,"_links":{"self":[{"href":"https:\/\/mountainsteward.net\/trailology\/wp-json\/wp\/v2\/pages\/55","targetHints":{"allow":["GET"]}}],"collection":[{"href":"https:\/\/mountainsteward.net\/trailology\/wp-json\/wp\/v2\/pages"}],"about":[{"href":"https:\/\/mountainsteward.net\/trailology\/wp-json\/wp\/v2\/types\/page"}],"author":[{"embeddable":true,"href":"https:\/\/mountainsteward.net\/trailology\/wp-json\/wp\/v2\/users\/1"}],"replies":[{"embeddable":true,"href":"https:\/\/mountainsteward.net\/trailology\/wp-json\/wp\/v2\/comments?post=55"}],"version-history":[{"count":7,"href":"https:\/\/mountainsteward.net\/trailology\/wp-json\/wp\/v2\/pages\/55\/revisions"}],"predecessor-version":[{"id":122,"href":"https:\/\/mountainsteward.net\/trailology\/wp-json\/wp\/v2\/pages\/55\/revisions\/122"}],"wp:attachment":[{"href":"https:\/\/mountainsteward.net\/trailology\/wp-json\/wp\/v2\/media?parent=55"}],"curies":[{"name":"wp","href":"https:\/\/api.w.org\/{rel}","templated":true}]}}